{"id":9803,"date":"2022-10-07T14:26:37","date_gmt":"2022-10-07T12:26:37","guid":{"rendered":"http:\/\/bsgbada.cluster028.hosting.ovh.net\/?page_id=9803"},"modified":"2023-09-18T10:35:08","modified_gmt":"2023-09-18T08:35:08","slug":"mention-legales","status":"publish","type":"page","link":"https:\/\/bsgbadminton.fr\/index.php\/mention-legales\/","title":{"rendered":"Mention L\u00e9gales"},"content":{"rendered":"\n<h3 class=\"wp-block-heading\">Informations<\/h3>\n\n\n\n<hr class=\"wp-block-separator has-alpha-channel-opacity is-style-wide\"\/>\n\n\n\n<p>BUSSY ST GEORGES Badminton est une association \u00e0 but non lucratif loi 1901 et d\u00e9clar\u00e9e \u00e0 la sous-pr\u00e9fecture de Meaux. L\u2019association, cr\u00e9\u00e9e en juin 2012, comptait 160 adh\u00e9rents. BSG Badminton c&rsquo;est le badminton pour TOUS \u00e0 Bussy.<\/p>\n\n\n\n<p>Si\u00e8ge social<br><strong>BSG BADMINTON<\/strong><br>Mairie de Bussy St Georges<br>Place de la mairie<br>77600 BUSSY ST GEORGES<br><br>Immatriculation<br>RNA : <a rel=\"noreferrer noopener\" href=\"http:\/\/www.journal-officiel.gouv.fr\/association\/index.php?ACTION=Rechercher&amp;HI_PAGE=1&amp;HI_COMPTEUR=0&amp;original_method=get&amp;WHAT=&amp;JTH_ID=&amp;JAN_BD_CP=&amp;JRE_ID=&amp;JAN_LIEU_DECL=&amp;JTY_ID=&amp;JTY_WALDEC=W771009757&amp;JTY_SIREN=&amp;JPA_D_D=&amp;JPA_D_F=&amp;rechercher.x=31&amp;rechercher.y=2\" target=\"_blank\">W771009757<\/a><br>SIREN : <a rel=\"noreferrer noopener\" href=\"http:\/\/avis-situation-sirene.insee.fr\/\" target=\"_blank\">790 465 231<\/a><br>SIRET : 790 465 231 00013<br>APE : 9312Z &#8211; Activit\u00e9s de clubs de sports<\/p>\n\n\n\n<h3 class=\"wp-block-heading\">Protection et traitement de donn\u00e9es \u00e0 caract\u00e8re personnel<\/h3>\n\n\n\n<hr class=\"wp-block-separator has-alpha-channel-opacity is-style-wide\"\/>\n\n\n\n<h5 id=\"wp-block-themeisle-blocks-advanced-heading-a3dd60b3\" class=\"wp-block-themeisle-blocks-advanced-heading wp-block-themeisle-blocks-advanced-heading-a3dd60b3\">Respect des lois en vigueur<\/h5>\n\n\n\n<p>Le site bsgbadminton.fr respecte la vie priv\u00e9e de l\u2019internaute et se conforme strictement aux lois en vigueur sur la protection de la vie priv\u00e9e et des libert\u00e9s individuelles.<br>Aucune information personnelle n\u2019est collect\u00e9e \u00e0 votre insu. Aucune information personnelle n\u2019est c\u00e9d\u00e9e \u00e0 des tiers.<br>Les courriels, les adresses \u00e9lectroniques ou autres informations nominatives dont ce site est destinataire ne font l\u2019objet d\u2019aucune exploitation et ne sont conserv\u00e9s que pour la dur\u00e9e n\u00e9cessaire \u00e0 leur traitement.<\/p>\n\n\n\n<h5 id=\"wp-block-themeisle-blocks-advanced-heading-102c80bb\" class=\"wp-block-themeisle-blocks-advanced-heading wp-block-themeisle-blocks-advanced-heading-102c80bb\">Droit des internautes : acc\u00e8s et rectification<\/h5>\n\n\n\n<p>Conform\u00e9ment aux dispositions de la loi n\u00b078-17 du 6 janvier 1978 relative \u00e0 l\u2019informatique, aux fichiers et aux libert\u00e9s, les internautes disposent d\u2019un droit d\u2019acc\u00e8s, de modification, de rectification et de suppression des donn\u00e9es qui les concernent. Ce droit s\u2019exerce par voie postale, en justifiant de son identit\u00e9, \u00e0 l\u2019adresse suivante :<\/p>\n\n\n\n<p>Prestataire d\u2019h\u00e9bergement<\/p>\n\n\n\n<p>SAS OVH &#8211; http:\/\/www.ovh.com<br>2 rue Kellermann<br>BP 80157<br>59100 ROUBAIX<\/p>\n\n\n\n<h3 class=\"wp-block-heading\">Droits d&rsquo;auteur et droits de reproduction<\/h3>\n\n\n\n<hr class=\"wp-block-separator has-alpha-channel-opacity is-style-wide\"\/>\n\n\n\n<h5 id=\"wp-block-themeisle-blocks-advanced-heading-483d200e\" class=\"wp-block-themeisle-blocks-advanced-heading wp-block-themeisle-blocks-advanced-heading-483d200e\">Demande d\u2019autorisation de reproduction des contenus<\/h5>\n\n\n\n<p>Toute copie partielle ou int\u00e9grale sur support papier ou sous forme \u00e9lectronique de pages du site doit faire l\u2019objet d\u2019une d\u00e9claration aupr\u00e8s du webmaster.<br>Les demandes d\u2019autorisation de reproduction d\u2019un contenu doivent \u00eatre adress\u00e9es via le formulaire de contact accessible <a href=\"http:\/\/bsgbada.cluster028.hosting.ovh.net\/index.php\/contact\/\">ICI<\/a><\/p>\n\n\n\n<p>La demande devra pr\u00e9ciser le contenu vis\u00e9 ainsi que la publication ou le site sur lequel ce dernier figurera. Une fois cette autorisation obtenue, la reproduction d\u2019un contenu doit ob\u00e9ir aux principes suivants :<\/p>\n\n\n\n<ul class=\"wp-block-list\">\n<li>gratuit\u00e9 de la diffusion<\/li>\n\n\n\n<li>respect de l\u2019int\u00e9grit\u00e9 des documents reproduits (aucune modification, ni alt\u00e9ration d\u2019aucune sorte)<\/li>\n\n\n\n<li>mention obligatoire : \u00ab \u00a9 BSG BADMINTON \u2013 Droits r\u00e9serv\u00e9s<\/li>\n<\/ul>\n\n\n\n<h5 id=\"wp-block-themeisle-blocks-advanced-heading-39061954\" class=\"wp-block-themeisle-blocks-advanced-heading wp-block-themeisle-blocks-advanced-heading-39061954\">Cr\u00e9dits photos et illustrations<\/h5>\n\n\n\n<p>Toutes les photographies du site sont propri\u00e9t\u00e9 de l&rsquo;association BSG BADMINTON ou de leurs auteurs et sont utilis\u00e9es avec leur aimable autorisation.<br>Pour les photos utilis\u00e9es en page d\u2019accueil et sur toutes les autres pages (sauf indication contraire) : \u00a9 BSG BADMINTON.<\/p>\n","protected":false},"excerpt":{"rendered":"<p>Informations BUSSY ST GEORGES Badminton est une association \u00e0 but non lucratif loi 1901 et d\u00e9clar\u00e9e \u00e0 la sous-pr\u00e9fecture de Meaux. L\u2019association, cr\u00e9\u00e9e en juin 2012, comptait 160 adh\u00e9rents. BSG Badminton c&rsquo;est le badminton pour TOUS \u00e0 Bussy. Si\u00e8ge socialBSG BADMINTONMairie de Bussy St GeorgesPlace de la mairie77600 BUSSY ST GEORGES ImmatriculationRNA : W771009757SIREN :&hellip;&nbsp;<a href=\"https:\/\/bsgbadminton.fr\/index.php\/mention-legales\/\" rel=\"bookmark\">Lire la suite &raquo;<span class=\"screen-reader-text\">Mention L\u00e9gales<\/span><\/a><\/p>\n","protected":false},"author":2,"featured_media":0,"parent":0,"menu_order":0,"comment_status":"closed","ping_status":"closed","template":"","meta":{"_monsterinsights_skip_tracking":false,"_monsterinsights_sitenote_active":false,"_monsterinsights_sitenote_note":"","_monsterinsights_sitenote_category":0,"neve_meta_sidebar":"","neve_meta_container":"","neve_meta_enable_content_width":"","neve_meta_content_width":0,"neve_meta_title_alignment":"","neve_meta_author_avatar":"","neve_post_elements_order":"","neve_meta_disable_header":"","neve_meta_disable_footer":"","neve_meta_disable_title":"","_themeisle_gutenberg_block_has_review":false,"footnotes":""},"class_list":["post-9803","page","type-page","status-publish","hentry"],"aioseo_notices":[],"featured_image_src":null,"_links":{"self":[{"href":"https:\/\/bsgbadminton.fr\/index.php\/wp-json\/wp\/v2\/pages\/9803","targetHints":{"allow":["GET"]}}],"collection":[{"href":"https:\/\/bsgbadminton.fr\/index.php\/wp-json\/wp\/v2\/pages"}],"about":[{"href":"https:\/\/bsgbadminton.fr\/index.php\/wp-json\/wp\/v2\/types\/page"}],"author":[{"embeddable":true,"href":"https:\/\/bsgbadminton.fr\/index.php\/wp-json\/wp\/v2\/users\/2"}],"replies":[{"embeddable":true,"href":"https:\/\/bsgbadminton.fr\/index.php\/wp-json\/wp\/v2\/comments?post=9803"}],"version-history":[{"count":2,"href":"https:\/\/bsgbadminton.fr\/index.php\/wp-json\/wp\/v2\/pages\/9803\/revisions"}],"predecessor-version":[{"id":11907,"href":"https:\/\/bsgbadminton.fr\/index.php\/wp-json\/wp\/v2\/pages\/9803\/revisions\/11907"}],"wp:attachment":[{"href":"https:\/\/bsgbadminton.fr\/index.php\/wp-json\/wp\/v2\/media?parent=9803"}],"curies":[{"name":"wp","href":"https:\/\/api.w.org\/{rel}","templated":true}]}}