{"id":9708,"date":"2022-10-07T11:08:08","date_gmt":"2022-10-07T09:08:08","guid":{"rendered":"http:\/\/bsgbada.cluster028.hosting.ovh.net\/?page_id=9708"},"modified":"2023-09-17T16:21:59","modified_gmt":"2023-09-17T14:21:59","slug":"reglement-interieur","status":"publish","type":"page","link":"https:\/\/bsgbadminton.fr\/index.php\/le-club\/reglement-interieur\/","title":{"rendered":"R\u00e8glement Int\u00e9rieur"},"content":{"rendered":"\n<hr class=\"wp-block-separator has-text-color has-nv-site-bg-color has-alpha-channel-opacity has-nv-site-bg-background-color has-background is-style-wide\" style=\"margin-top:var(--wp--preset--spacing--30);margin-bottom:var(--wp--preset--spacing--30)\"\/>\n\n\n\n<h3 class=\"wp-block-heading\">Article 1 : Objet<\/h3>\n\n\n\n<hr class=\"wp-block-separator has-alpha-channel-opacity is-style-wide\"\/>\n\n\n\n<p>Le r\u00e8glement suivant compl\u00e8te les statuts de l\u2019association BSG Badminton ainsi que les r\u00e8gles d\u2019utilisation propres aux gymnases de BUSSY-SAINT-GEORGES. Chaque adh\u00e9rent (et le responsable l\u00e9gal pour les mineurs) doit prendre connaissance de ces diff\u00e9rents textes et en respecter les consignes.<br>Le r\u00e8glement peut \u00eatre modifi\u00e9 par le bureau qui le fera alors approuver par l\u2019assembl\u00e9e g\u00e9n\u00e9rale.<\/p>\n\n\n\n<h3 class=\"wp-block-heading\">Article 2 : Les cr\u00e9neaux<\/h3>\n\n\n\n<hr class=\"wp-block-separator has-alpha-channel-opacity is-style-wide\"\/>\n\n\n\n<p>Les cr\u00e9neaux horaires sont attribu\u00e9s, chaque ann\u00e9e, au club par la Mairie.<br>Certains cr\u00e9neaux horaires pourront \u00eatre r\u00e9quisitionn\u00e9s par la Mairie pour des \u00e9v\u00e9nements ext\u00e9rieurs au club. L\u2019affectation des cr\u00e9neaux (coaching, jeu libre\u2026) est d\u00e9cid\u00e9e par le Comit\u00e9 Directeur.<br>Les cr\u00e9neaux vacances (scolaires et d\u2019\u00e9t\u00e9) sont attribu\u00e9s au club par la Mairie. Durant ces p\u00e9riodes, les cr\u00e9neaux sont d\u00e9di\u00e9s \u00e0 l\u2019ensemble des adh\u00e9rents (jeu libre). Le comit\u00e9 directeur pourra modifier l\u2019organisation de ces cr\u00e9neaux pour limiter le nombre d\u2019adh\u00e9rents et optimiser le temps de jeu (par exemple : cr\u00e9neaux scind\u00e9s en 2 s\u00e9ances, doodle\u2026).<\/p>\n\n\n\n<h3 class=\"wp-block-heading\">Article 3 : Dossier d\u2019inscription et cotisation annuelle<\/h3>\n\n\n\n<hr class=\"wp-block-separator has-alpha-channel-opacity is-style-wide\"\/>\n\n\n\n<p>L\u2019adh\u00e9rent doit remettre le dossier d\u2019inscription complet (fiche d\u2019inscription, certificat m\u00e9dical FFBad et formulaire de prise de licence).<br>Une grille des cotisations annuelles sera \u00e9dit\u00e9e et valid\u00e9e par le Bureau chaque saison, et sera pr\u00e9sent\u00e9e \u00e0 l\u2019Assembl\u00e9e G\u00e9n\u00e9rale pour information.<\/p>\n\n\n\n<h3 class=\"wp-block-heading\">Article 4 : Licence FFBAD<\/h3>\n\n\n\n<hr class=\"wp-block-separator has-alpha-channel-opacity is-style-wide\"\/>\n\n\n\n<p>L\u2019association BSG BADMINTON est officiellement affili\u00e9e \u00e0 la F\u00e9d\u00e9ration Fran\u00e7aise de Badminton (FFBAD).<br>De par son affiliation, chaque adh\u00e9rent sera licenci\u00e9 aupr\u00e8s de la F\u00e9d\u00e9ration Fran\u00e7aise de Badminton (FFBAD), de la Ligue R\u00e9gionale et du Comit\u00e9 d\u00e9partemental (Seine et Marne).<\/p>\n\n\n\n<h3 class=\"wp-block-heading\">Article 5 : Mat\u00e9riel et \u00e9quipements<\/h3>\n\n\n\n<hr class=\"wp-block-separator has-alpha-channel-opacity is-style-wide\"\/>\n\n\n\n<p>Les poteaux de badminton sont mis \u00e0 disposition par le gymnase. L\u2018utilisation de tout autre \u00e9quipement est strictement interdite (panneaux de basket, mur d\u2019escalade, ballon etc\u2026).<br>Nous comptons sur votre bienveillance pour respecter le r\u00e8glement int\u00e9rieur du gymnase et laisser la salle en un \u00e9tat irr\u00e9prochable.<br>L\u2019adh\u00e9rent devra se munir de chaussures \u00ab indoor \u00bb (semelles non marquantes) et d\u2019une tenue de sport appropri\u00e9e.<br>L\u2019installation et le rangement du mat\u00e9riel doivent \u00eatre assur\u00e9s par les joueurs.<br>Les volants et les raquettes enfants sont mis \u00e0 votre disposition par le club.<\/p>\n\n\n\n<h3 class=\"wp-block-heading\">Article 6 : Responsabilit\u00e9s<\/h3>\n\n\n\n<hr class=\"wp-block-separator has-alpha-channel-opacity is-style-wide\"\/>\n\n\n\n<p>La responsabilit\u00e9 civile de BSG Badminton et de ses dirigeants est couverte par la police d\u2019assurance souscrite par le club. Le club d\u00e9cline toute responsabilit\u00e9 :<br>en cas d\u2019incident ou d\u2019accident d\u2019un joueur non en r\u00e8gle avec le club,<br>en cas d\u2019accident cons\u00e9cutif au non-respect des consignes ou du r\u00e8glement,<br>en cas de perte ou de vol occasionn\u00e9 dans la salle d\u2019entra\u00eenement ou dans les vestiaires.<br>en cas de pand\u00e9mie ou d&rsquo;\u00e9pid\u00e9mie de quelque nature que ce soit causant le d\u00e9c\u00e8s ou la maladie d\u2019un ou plusieurs adh\u00e9rents.<\/p>\n\n\n\n<p>Jeunes adh\u00e9rents :<\/p>\n\n\n\n<p>Tout mineur est sous la totale responsabilit\u00e9 des parents ou repr\u00e9sentant l\u00e9gal en dehors des s\u00e9ances (avant leur entr\u00e9e dans la salle et apr\u00e8s leur sortie).<br>Pour les s\u00e9ances encadr\u00e9es, les parents doivent imp\u00e9rativement s\u2019assurer de la pr\u00e9sence d\u2019un responsable dans la salle en d\u00e9but de s\u00e9ance avant de laisser leur enfant.<br>Pour les s\u00e9ances libres, les mineurs sont sous l\u2019enti\u00e8re responsabilit\u00e9 des parents ou responsables l\u00e9gaux dont la pr\u00e9sence est obligatoire.<\/p>\n\n\n\n<h3 class=\"wp-block-heading\">Article 7 : Etat d\u2019esprit<\/h3>\n\n\n\n<hr class=\"wp-block-separator has-alpha-channel-opacity is-style-wide\"\/>\n\n\n\n<p>BSG Badminton se doit d\u2019\u00eatre une association respectueuse d\u2019un esprit sportif originel et de l\u2019\u00e9thique sportive. Aussi tout adh\u00e9rent s\u2019engage \u00e0 entretenir :<br>bon esprit, gaiet\u00e9, fair-play et respect des autres.<br>C\u2019est pourquoi tout propos anti-sportif, injurieux, sexiste ou raciste se verra imm\u00e9diatement sanctionner.<br>De m\u00eame, il est souhaitable de faire jouer tout adh\u00e9rent pr\u00e9sent \u00e0 l\u2019entra\u00eenement : un joueur ne doit pas \u00eatre laiss\u00e9 sur le bord des terrains sans jouer et un joueur doit accepter de jouer avec un partenaire ou contre un adversaire qui n\u2019a pas son niveau.<br>En cas d\u2019affluence, il faut concevoir une rotation raisonnable sur les terrains (par exemple : privil\u00e9gier le double, matchs en 2 sets maximum ou matchs en 11 points\u2026).<\/p>\n\n\n\n<h3 class=\"wp-block-heading\">Article 8 : S\u00e9ances d\u2019essai<\/h3>\n\n\n\n<hr class=\"wp-block-separator has-alpha-channel-opacity is-style-wide\"\/>\n\n\n\n<p>Toute personne pourra venir essayer \u00e0 la pratique du badminton sur autorisation d\u2019un membre du comit\u00e9 pr\u00e9sent pendant la s\u00e9ance. Elle doit prendre connaissance de ce r\u00e8glement int\u00e9rieur et s\u2019y soumettre.<br>Elle doit \u00e9galement compl\u00e9ter la fiche d\u2019inscription pratiquant \u00e0 l\u2019essai.<\/p>\n\n\n\n<p>Trois s\u00e9ances maximum sont accord\u00e9es. Au-del\u00e0, la personne devra s\u2019acquitter de la cotisation au tarif en vigueur et remettre le dossier d\u2019inscription complet si elle souhaite poursuivre la pratique du badminton au sein du club.<br>Pendant les s\u00e9ances d\u2019essai, le club d\u00e9cline toute responsabilit\u00e9 en cas d\u2019incident.<\/p>\n\n\n\n<h3 class=\"wp-block-heading\">Article 9 : Sanctions<\/h3>\n\n\n\n<hr class=\"wp-block-separator has-alpha-channel-opacity is-style-wide\"\/>\n\n\n\n<p>Tout manquement r\u00e9p\u00e9t\u00e9 \u00e0 ce r\u00e8glement, librement accept\u00e9 par l\u2019adh\u00e9rent au club, entra\u00eenera la responsabilit\u00e9 du fautif.<br>Il sera d\u2019abord averti puis si n\u00e9cessaire exclu (exclusion temporaire puis d\u00e9finitive) apr\u00e8s d\u00e9lib\u00e9ration des membres du Bureau.<\/p>\n\n\n\n<p>Fait \u00e0 Bussy, le 01\/09\/2021<br>Le CD BSG Badminton<\/p>\n","protected":false},"excerpt":{"rendered":"<p>Article 1 : Objet Le r\u00e8glement suivant compl\u00e8te les statuts de l\u2019association BSG Badminton ainsi que les r\u00e8gles d\u2019utilisation propres aux gymnases de BUSSY-SAINT-GEORGES. Chaque adh\u00e9rent (et le responsable l\u00e9gal pour les mineurs) doit prendre connaissance de ces diff\u00e9rents textes et en respecter les consignes.Le r\u00e8glement peut \u00eatre modifi\u00e9 par le bureau qui le fera&hellip;&nbsp;<a href=\"https:\/\/bsgbadminton.fr\/index.php\/le-club\/reglement-interieur\/\" rel=\"bookmark\">Lire la suite &raquo;<span class=\"screen-reader-text\">R\u00e8glement Int\u00e9rieur<\/span><\/a><\/p>\n","protected":false},"author":2,"featured_media":0,"parent":139,"menu_order":6,"comment_status":"closed","ping_status":"closed","template":"","meta":{"_monsterinsights_skip_tracking":false,"_monsterinsights_sitenote_active":false,"_monsterinsights_sitenote_note":"","_monsterinsights_sitenote_category":0,"neve_meta_sidebar":"default","neve_meta_container":"","neve_meta_enable_content_width":"","neve_meta_content_width":70,"neve_meta_title_alignment":"","neve_meta_author_avatar":"","neve_post_elements_order":"","neve_meta_disable_header":"","neve_meta_disable_footer":"","neve_meta_disable_title":"off","_themeisle_gutenberg_block_has_review":false,"footnotes":""},"class_list":["post-9708","page","type-page","status-publish","hentry"],"aioseo_notices":[],"featured_image_src":null,"_links":{"self":[{"href":"https:\/\/bsgbadminton.fr\/index.php\/wp-json\/wp\/v2\/pages\/9708","targetHints":{"allow":["GET"]}}],"collection":[{"href":"https:\/\/bsgbadminton.fr\/index.php\/wp-json\/wp\/v2\/pages"}],"about":[{"href":"https:\/\/bsgbadminton.fr\/index.php\/wp-json\/wp\/v2\/types\/page"}],"author":[{"embeddable":true,"href":"https:\/\/bsgbadminton.fr\/index.php\/wp-json\/wp\/v2\/users\/2"}],"replies":[{"embeddable":true,"href":"https:\/\/bsgbadminton.fr\/index.php\/wp-json\/wp\/v2\/comments?post=9708"}],"version-history":[{"count":12,"href":"https:\/\/bsgbadminton.fr\/index.php\/wp-json\/wp\/v2\/pages\/9708\/revisions"}],"predecessor-version":[{"id":11646,"href":"https:\/\/bsgbadminton.fr\/index.php\/wp-json\/wp\/v2\/pages\/9708\/revisions\/11646"}],"up":[{"embeddable":true,"href":"https:\/\/bsgbadminton.fr\/index.php\/wp-json\/wp\/v2\/pages\/139"}],"wp:attachment":[{"href":"https:\/\/bsgbadminton.fr\/index.php\/wp-json\/wp\/v2\/media?parent=9708"}],"curies":[{"name":"wp","href":"https:\/\/api.w.org\/{rel}","templated":true}]}}