{"id":9700,"date":"2022-10-07T11:06:19","date_gmt":"2022-10-07T09:06:19","guid":{"rendered":"http:\/\/bsgbada.cluster028.hosting.ovh.net\/?page_id=9700"},"modified":"2026-03-07T21:13:18","modified_gmt":"2026-03-07T20:13:18","slug":"comite-directeur","status":"publish","type":"page","link":"https:\/\/bsgbadminton.fr\/index.php\/le-club\/comite-directeur\/","title":{"rendered":"Comit\u00e9 Directeur"},"content":{"rendered":"\n<div class=\"wp-block-cover\" style=\"margin-top:0;margin-bottom:0;min-height:379px;aspect-ratio:unset;\"><span aria-hidden=\"true\" class=\"wp-block-cover__background has-nv-site-bg-background-color has-background-dim-80 has-background-dim\"><\/span><div class=\"wp-block-cover__inner-container is-layout-flow wp-block-cover-is-layout-flow\">\n<div class=\"wp-block-columns is-layout-flex wp-container-core-columns-is-layout-9d6595d7 wp-block-columns-is-layout-flex\">\n<div class=\"wp-block-column is-vertically-aligned-center is-layout-flow wp-block-column-is-layout-flow\" style=\"flex-basis:50%\">\n<h1 class=\"wp-block-heading has-text-align-left has-neve-text-color-color has-text-color\" id=\"0-les-dirigeants-associatifs\">Les dirigeants associatifs<\/h1>\n<\/div>\n\n\n\n<div class=\"wp-block-column is-vertically-aligned-center is-layout-flow wp-block-column-is-layout-flow\" style=\"flex-basis:50%\">\n<p class=\"has-text-align-left has-neve-text-color-color has-text-color\">Chaque association \u00e9lit ses dirigeants lors de l&rsquo;assembl\u00e9e g\u00e9n\u00e9rale, se r\u00e9partissant en deux cat\u00e9gories : le bureau (pr\u00e9sident, secr\u00e9taire, tr\u00e9sorier) et le comit\u00e9 directeur. Ces organes jouent un r\u00f4le crucial dans la gestion et l&rsquo;orientation de l&rsquo;association.<\/p>\n\n\n\n<div class=\"wp-block-buttons is-horizontal is-content-justification-left is-layout-flex wp-container-core-buttons-is-layout-7e5fce0a wp-block-buttons-is-layout-flex\">\n<div class=\"wp-block-button is-style-secondary\"><a class=\"wp-block-button__link wp-element-button\" href=\"https:\/\/www.ffbad.org\/espaces-dedies\/dirigeants\/etre-un-dirigeant\/les-prerogatives-des-dirigeants-associatifs#:~:text=Le%20Pr%C3%A9sident,-Il%20repr%C3%A9sente%20de&amp;text=Il%20a%20un%20mandat%20pour,%C3%A9laboration%20concert%C3%A9e%20du%20projet%20associatif.\">En savoir plus<\/a><\/div>\n<\/div>\n<\/div>\n<\/div>\n<\/div><\/div>\n\n\n\n<div id=\"wp-block-themeisle-blocks-advanced-columns-d87d87fb\" class=\"wp-block-themeisle-blocks-advanced-columns alignfull has-1-columns has-desktop-equal-layout has-tablet-equal-layout has-mobile-collapsedRows-layout has-vertical-center ticss-c00aadba\"><div class=\"wp-block-themeisle-blocks-advanced-columns-overlay\"><\/div><div class=\"innerblocks-wrap\">\n<div id=\"wp-block-themeisle-blocks-advanced-column-60dad16e\" class=\"wp-block-themeisle-blocks-advanced-column\">\n<h2 id=\"wp-block-themeisle-blocks-advanced-heading-69906a68\" class=\"wp-block-themeisle-blocks-advanced-heading wp-block-themeisle-blocks-advanced-heading-69906a68\">Le Bureau<\/h2>\n\n\n\n<hr class=\"wp-block-separator has-alpha-channel-opacity is-style-wide\"\/>\n\n\n\n<div id=\"wp-block-themeisle-blocks-advanced-columns-a4d1a737\" class=\"wp-block-themeisle-blocks-advanced-columns has-4-columns has-desktop-equal-layout has-tablet-twoColumnGrid-layout has-mobile-collapsedRows-layout has-vertical-top\"><div class=\"wp-block-themeisle-blocks-advanced-columns-overlay\"><\/div><div class=\"innerblocks-wrap\">\n<div id=\"wp-block-themeisle-blocks-advanced-column-e373838a\" class=\"wp-block-themeisle-blocks-advanced-column\">\n<figure class=\"wp-block-image size-full is-resized is-style-rounded\"><img decoding=\"async\" src=\"https:\/\/bsgbadminton.fr\/wp-content\/uploads\/2024\/10\/Mony.png\" alt=\"\" class=\"wp-image-12288\" style=\"aspect-ratio:2\/3;object-fit:cover;width:180px;height:undefinedpx\"\/><\/figure>\n\n\n\n<h3 id=\"wp-block-themeisle-blocks-advanced-heading-a0f377e3\" class=\"wp-block-themeisle-blocks-advanced-heading wp-block-themeisle-blocks-advanced-heading-a0f377e3\">Seng Mony<\/h3>\n\n\n\n<p id=\"wp-block-themeisle-blocks-advanced-heading-22009bd8\" class=\"wp-block-themeisle-blocks-advanced-heading wp-block-themeisle-blocks-advanced-heading-22009bd8\">Pr\u00e9sident<\/p>\n\n\n\n<p>Dans le cadre de ses responsabilit\u00e9s, le pr\u00e9sident a pour mission d&rsquo;orchestrer et superviser les activit\u00e9s de l&rsquo;association. Il agit en tant que repr\u00e9sentant de l&rsquo;association vis-\u00e0-vis des entit\u00e9s publiques et priv\u00e9es, impulsant ainsi la dynamique et l&rsquo;\u00e9lan du club.<\/p>\n<\/div>\n\n\n\n<div id=\"wp-block-themeisle-blocks-advanced-column-09b5ed5c\" class=\"wp-block-themeisle-blocks-advanced-column\">\n<figure class=\"wp-block-image size-full is-resized is-style-rounded\"><img loading=\"lazy\" decoding=\"async\" width=\"171\" height=\"279\" src=\"https:\/\/bsgbadminton.fr\/wp-content\/uploads\/2023\/07\/Capture-decran-2023-07-16-a-20.20.00.png\" alt=\"\" class=\"wp-image-11324\" style=\"aspect-ratio:2\/3;object-fit:cover;width:180px;height:undefinedpx\"\/><\/figure>\n\n\n\n<h3 id=\"wp-block-themeisle-blocks-advanced-heading-82225fd3\" class=\"wp-block-themeisle-blocks-advanced-heading wp-block-themeisle-blocks-advanced-heading-82225fd3\">Long Kho\u00ef<\/h3>\n\n\n\n<p id=\"wp-block-themeisle-blocks-advanced-heading-f6645c81\" class=\"wp-block-themeisle-blocks-advanced-heading wp-block-themeisle-blocks-advanced-heading-f6645c81\">Vice-Pr\u00e9sident<\/p>\n\n\n\n<p>Le vice-pr\u00e9sident assiste et remplace le pr\u00e9sident en son absence, contribuant aux d\u00e9cisions cl\u00e9s, repr\u00e9sentant l&rsquo;association, et soutenant son bon fonctionnement. Il assure la continuit\u00e9 et collabore \u00e9troitement avec le pr\u00e9sident pour le succ\u00e8s de l&rsquo;association.<\/p>\n<\/div>\n\n\n\n<div id=\"wp-block-themeisle-blocks-advanced-column-b24abb01\" class=\"wp-block-themeisle-blocks-advanced-column\">\n<figure class=\"wp-block-image size-full is-resized is-style-rounded\"><img loading=\"lazy\" decoding=\"async\" width=\"709\" height=\"988\" src=\"https:\/\/bsgbadminton.fr\/wp-content\/uploads\/2023\/07\/Capture-decran-2023-07-16-a-20.17.01.png\" alt=\"\" class=\"wp-image-11323\" style=\"aspect-ratio:2\/3;object-fit:cover;width:180px;height:undefinedpx\" srcset=\"https:\/\/bsgbadminton.fr\/wp-content\/uploads\/2023\/07\/Capture-decran-2023-07-16-a-20.17.01.png 709w, https:\/\/bsgbadminton.fr\/wp-content\/uploads\/2023\/07\/Capture-decran-2023-07-16-a-20.17.01-600x836.png 600w, https:\/\/bsgbadminton.fr\/wp-content\/uploads\/2023\/07\/Capture-decran-2023-07-16-a-20.17.01-215x300.png 215w\" sizes=\"auto, (max-width: 709px) 100vw, 709px\" \/><\/figure>\n\n\n\n<h3 id=\"wp-block-themeisle-blocks-advanced-heading-6d2b2c86\" class=\"wp-block-themeisle-blocks-advanced-heading wp-block-themeisle-blocks-advanced-heading-6d2b2c86\">Praud David<\/h3>\n\n\n\n<p id=\"wp-block-themeisle-blocks-advanced-heading-5086492e\" class=\"wp-block-themeisle-blocks-advanced-heading wp-block-themeisle-blocks-advanced-heading-5086492e\">secr\u00e9taire<\/p>\n\n\n\n<p>Le secr\u00e9taire d&rsquo;une association sportive g\u00e8re la correspondance, les r\u00e9unions, et les archives. Il assure la communication interne et externe, r\u00e9dige les PV, et veille \u00e0 la documentation, contribuant ainsi \u00e0 l&rsquo;organisation et au bon fonctionnement de l&rsquo;association.<\/p>\n<\/div>\n\n\n\n<div id=\"wp-block-themeisle-blocks-advanced-column-c379f4b6\" class=\"wp-block-themeisle-blocks-advanced-column\">\n<figure class=\"wp-block-image size-full is-resized is-style-rounded\"><img loading=\"lazy\" decoding=\"async\" width=\"1717\" height=\"1920\" src=\"https:\/\/bsgbadminton.fr\/wp-content\/uploads\/2026\/03\/christopher_konrad-woman-8564626_1920.png\" alt=\"\" class=\"wp-image-13306\" style=\"aspect-ratio:2\/3;object-fit:cover;width:180px;height:undefinedpx\" srcset=\"https:\/\/bsgbadminton.fr\/wp-content\/uploads\/2026\/03\/christopher_konrad-woman-8564626_1920.png 1717w, https:\/\/bsgbadminton.fr\/wp-content\/uploads\/2026\/03\/christopher_konrad-woman-8564626_1920-268x300.png 268w, https:\/\/bsgbadminton.fr\/wp-content\/uploads\/2026\/03\/christopher_konrad-woman-8564626_1920-916x1024.png 916w, https:\/\/bsgbadminton.fr\/wp-content\/uploads\/2026\/03\/christopher_konrad-woman-8564626_1920-768x859.png 768w, https:\/\/bsgbadminton.fr\/wp-content\/uploads\/2026\/03\/christopher_konrad-woman-8564626_1920-1374x1536.png 1374w, https:\/\/bsgbadminton.fr\/wp-content\/uploads\/2026\/03\/christopher_konrad-woman-8564626_1920-600x671.png 600w\" sizes=\"auto, (max-width: 1717px) 100vw, 1717px\" \/><\/figure>\n\n\n\n<h3 id=\"wp-block-themeisle-blocks-advanced-heading-9b45650c\" class=\"wp-block-themeisle-blocks-advanced-heading wp-block-themeisle-blocks-advanced-heading-9b45650c\">Chiu Annie<\/h3>\n\n\n\n<p id=\"wp-block-themeisle-blocks-advanced-heading-db072b91\" class=\"wp-block-themeisle-blocks-advanced-heading wp-block-themeisle-blocks-advanced-heading-db072b91\">Tr\u00e9sorier<\/p>\n\n\n\n<p>Le tr\u00e9sorier assure la gestion des finances, la comptabilit\u00e9, et les transactions. Il \u00e9labore les budgets, met \u00e0 jour les comptes, et pr\u00e9sente des rapports financiers, garantissant une gestion financi\u00e8re saine et transparente de l&rsquo;association.<\/p>\n<\/div>\n<\/div><\/div>\n\n\n\n<div id=\"wp-block-themeisle-blocks-advanced-columns-f0f9b268\" class=\"wp-block-themeisle-blocks-advanced-columns alignfull has-1-columns has-desktop-equal-layout has-tablet-equal-layout has-mobile-collapsedRows-layout has-vertical-center ticss-c00aadba\"><div class=\"wp-block-themeisle-blocks-advanced-columns-overlay\"><\/div><div class=\"innerblocks-wrap\">\n<div id=\"wp-block-themeisle-blocks-advanced-column-7693471d\" class=\"wp-block-themeisle-blocks-advanced-column\">\n<div id=\"wp-block-themeisle-blocks-advanced-columns-70fdec96\" class=\"wp-block-themeisle-blocks-advanced-columns has-1-columns has-desktop-equal-layout has-tablet-equal-layout has-mobile-equal-layout has-vertical-center\"><div class=\"wp-block-themeisle-blocks-advanced-columns-overlay\"><\/div><div class=\"innerblocks-wrap\">\n<div id=\"wp-block-themeisle-blocks-advanced-column-bedfda68\" class=\"wp-block-themeisle-blocks-advanced-column\">\n<h2 id=\"wp-block-themeisle-blocks-advanced-heading-f2862f03\" class=\"wp-block-themeisle-blocks-advanced-heading wp-block-themeisle-blocks-advanced-heading-f2862f03\">Le Comit\u00e9 Directeur<\/h2>\n\n\n\n<hr class=\"wp-block-separator has-alpha-channel-opacity is-style-wide\"\/>\n\n\n\n<div id=\"wp-block-themeisle-blocks-advanced-columns-607aa07e\" class=\"wp-block-themeisle-blocks-advanced-columns has-2-columns has-desktop-equal-layout has-tablet-twoColumnGrid-layout has-mobile-collapsedRows-layout has-vertical-top\"><div class=\"wp-block-themeisle-blocks-advanced-columns-overlay\"><\/div><div class=\"innerblocks-wrap\">\n<div id=\"wp-block-themeisle-blocks-advanced-column-8a6d8842\" class=\"wp-block-themeisle-blocks-advanced-column\">\n<p style=\"font-size:23px\">D\u00e9couvrez notre \u00e9quipe de leaders d\u00e9vou\u00e9s, travaillant main dans la main pour faire du badminton une exp\u00e9rience enrichissante pour tous.<\/p>\n\n\n\n<p>Le comit\u00e9 directeur d&rsquo;un club de badminton joue un r\u00f4le cl\u00e9 dans la gestion et l&rsquo;organisation du club. Il est charg\u00e9 de promouvoir le sport, d&rsquo;attirer de nouveaux membres et de s&rsquo;assurer que chaque adh\u00e9rent se sente bienvenu et soutenu. En mettant en place des stages et des \u00e9v\u00e9nements, le comit\u00e9 aide les joueurs \u00e0 am\u00e9liorer leurs comp\u00e9tences tout en cr\u00e9ant une ambiance conviviale et inclusive. Leur d\u00e9vouement et leur travail d&rsquo;\u00e9quipe sont essentiels pour rendre l&rsquo;exp\u00e9rience du badminton enrichissante pour tous.<\/p>\n<\/div>\n\n\n\n<div id=\"wp-block-themeisle-blocks-advanced-column-6a8740d9\" class=\"wp-block-themeisle-blocks-advanced-column\">\n<figure class=\"wp-block-image size-full is-resized is-style-rounded\"><img loading=\"lazy\" decoding=\"async\" width=\"279\" height=\"353\" src=\"https:\/\/bsgbadminton.fr\/wp-content\/uploads\/2023\/07\/Capture-decran-2023-07-16-a-20.17.18.png\" alt=\"\" class=\"wp-image-11329\" style=\"aspect-ratio:3\/4;object-fit:cover;width:180px;height:undefinedpx\" srcset=\"https:\/\/bsgbadminton.fr\/wp-content\/uploads\/2023\/07\/Capture-decran-2023-07-16-a-20.17.18.png 279w, https:\/\/bsgbadminton.fr\/wp-content\/uploads\/2023\/07\/Capture-decran-2023-07-16-a-20.17.18-237x300.png 237w\" sizes=\"auto, (max-width: 279px) 100vw, 279px\" \/><\/figure>\n\n\n\n<h3 id=\"wp-block-themeisle-blocks-advanced-heading-7afb8a95\" class=\"wp-block-themeisle-blocks-advanced-heading wp-block-themeisle-blocks-advanced-heading-7afb8a95\">Fossy Olivier<\/h3>\n\n\n\n<p id=\"wp-block-themeisle-blocks-advanced-heading-6c56e5d9\" class=\"wp-block-themeisle-blocks-advanced-heading wp-block-themeisle-blocks-advanced-heading-6c56e5d9\">Entraineur<\/p>\n<\/div>\n<\/div><\/div>\n\n\n\n<div id=\"wp-block-themeisle-blocks-advanced-columns-e9304715\" class=\"wp-block-themeisle-blocks-advanced-columns has-3-columns has-desktop-equal-layout has-tablet-twoColumnGrid-layout has-mobile-collapsedRows-layout has-vertical-top\"><div class=\"wp-block-themeisle-blocks-advanced-columns-overlay\"><\/div><div class=\"innerblocks-wrap\">\n<div id=\"wp-block-themeisle-blocks-advanced-column-a9522ff3\" class=\"wp-block-themeisle-blocks-advanced-column\">\n<figure class=\"wp-block-image size-full is-resized is-style-rounded\"><img loading=\"lazy\" decoding=\"async\" width=\"299\" height=\"433\" src=\"https:\/\/bsgbadminton.fr\/wp-content\/uploads\/2023\/07\/Capture-decran-2023-07-16-a-20.17.41.png\" alt=\"\" class=\"wp-image-11326\" style=\"aspect-ratio:3\/4;object-fit:cover;width:180px;height:undefinedpx\" srcset=\"https:\/\/bsgbadminton.fr\/wp-content\/uploads\/2023\/07\/Capture-decran-2023-07-16-a-20.17.41.png 299w, https:\/\/bsgbadminton.fr\/wp-content\/uploads\/2023\/07\/Capture-decran-2023-07-16-a-20.17.41-207x300.png 207w\" sizes=\"auto, (max-width: 299px) 100vw, 299px\" \/><\/figure>\n\n\n\n<h3 id=\"wp-block-themeisle-blocks-advanced-heading-5a48e363\" class=\"wp-block-themeisle-blocks-advanced-heading wp-block-themeisle-blocks-advanced-heading-5a48e363\">Ouk Sivanda<\/h3>\n\n\n\n<p id=\"wp-block-themeisle-blocks-advanced-heading-3ec91043\" class=\"wp-block-themeisle-blocks-advanced-heading wp-block-themeisle-blocks-advanced-heading-3ec91043\">Membre<\/p>\n<\/div>\n\n\n\n<div id=\"wp-block-themeisle-blocks-advanced-column-76aa8866\" class=\"wp-block-themeisle-blocks-advanced-column\">\n<figure class=\"wp-block-image size-full is-resized is-style-rounded\"><img loading=\"lazy\" decoding=\"async\" width=\"181\" height=\"186\" src=\"https:\/\/bsgbadminton.fr\/wp-content\/uploads\/2025\/12\/micka.png\" alt=\"\" class=\"wp-image-13094\" style=\"aspect-ratio:3\/4;object-fit:cover;width:180px;height:undefinedpx\"\/><\/figure>\n\n\n\n<h3 id=\"wp-block-themeisle-blocks-advanced-heading-bd48031c\" class=\"wp-block-themeisle-blocks-advanced-heading wp-block-themeisle-blocks-advanced-heading-bd48031c\">Mavrodis Michael<\/h3>\n\n\n\n<p id=\"wp-block-themeisle-blocks-advanced-heading-5bcaac24\" class=\"wp-block-themeisle-blocks-advanced-heading wp-block-themeisle-blocks-advanced-heading-5bcaac24\">Membre<\/p>\n<\/div>\n\n\n\n<div id=\"wp-block-themeisle-blocks-advanced-column-2ab5c3ca\" class=\"wp-block-themeisle-blocks-advanced-column\">\n<figure class=\"wp-block-image size-full is-resized is-style-rounded\"><img loading=\"lazy\" decoding=\"async\" width=\"424\" height=\"589\" src=\"https:\/\/bsgbadminton.fr\/wp-content\/uploads\/2023\/07\/Capture-decran-2023-07-16-a-20.25.55.png\" alt=\"\" class=\"wp-image-11327\" style=\"aspect-ratio:3\/4;object-fit:cover;width:180px;height:undefinedpx\"\/><\/figure>\n\n\n\n<h3 id=\"wp-block-themeisle-blocks-advanced-heading-2e72f955\" class=\"wp-block-themeisle-blocks-advanced-heading wp-block-themeisle-blocks-advanced-heading-2e72f955\">Tong Henri<\/h3>\n\n\n\n<p id=\"wp-block-themeisle-blocks-advanced-heading-ce97619f\" class=\"wp-block-themeisle-blocks-advanced-heading wp-block-themeisle-blocks-advanced-heading-ce97619f\">Membre<\/p>\n<\/div>\n<\/div><\/div>\n\n\n\n<div id=\"wp-block-themeisle-blocks-advanced-columns-1553dcdc\" class=\"wp-block-themeisle-blocks-advanced-columns has-3-columns has-desktop-equal-layout has-tablet-equal-layout has-mobile-collapsedRows-layout has-vertical-top\"><div class=\"wp-block-themeisle-blocks-advanced-columns-overlay\"><\/div><div class=\"innerblocks-wrap\">\n<div id=\"wp-block-themeisle-blocks-advanced-column-9a1bb11f\" class=\"wp-block-themeisle-blocks-advanced-column\">\n<figure class=\"wp-block-image size-full is-resized is-style-rounded\"><img decoding=\"async\" src=\"https:\/\/bsgbadminton.fr\/wp-content\/uploads\/2024\/10\/Sandy.png\" alt=\"\" class=\"wp-image-12289\" style=\"aspect-ratio:3\/4;object-fit:cover;width:180px;height:undefinedpx\"\/><\/figure>\n\n\n\n<h3 id=\"wp-block-themeisle-blocks-advanced-heading-46a300f7\" class=\"wp-block-themeisle-blocks-advanced-heading wp-block-themeisle-blocks-advanced-heading-46a300f7\">Tang Sandy<\/h3>\n\n\n\n<p id=\"wp-block-themeisle-blocks-advanced-heading-1d35f246\" class=\"wp-block-themeisle-blocks-advanced-heading wp-block-themeisle-blocks-advanced-heading-1d35f246\">Membre<\/p>\n<\/div>\n\n\n\n<div id=\"wp-block-themeisle-blocks-advanced-column-ed2d612b\" class=\"wp-block-themeisle-blocks-advanced-column\">\n<figure class=\"wp-block-image size-full is-resized is-style-rounded\"><img loading=\"lazy\" decoding=\"async\" width=\"972\" height=\"972\" src=\"https:\/\/bsgbadminton.fr\/wp-content\/uploads\/2026\/01\/ambre.png\" alt=\"\" class=\"wp-image-13135\" style=\"aspect-ratio:3\/4;object-fit:cover;width:180px;height:undefinedpx\" srcset=\"https:\/\/bsgbadminton.fr\/wp-content\/uploads\/2026\/01\/ambre.png 972w, https:\/\/bsgbadminton.fr\/wp-content\/uploads\/2026\/01\/ambre-300x300.png 300w, https:\/\/bsgbadminton.fr\/wp-content\/uploads\/2026\/01\/ambre-150x150.png 150w, https:\/\/bsgbadminton.fr\/wp-content\/uploads\/2026\/01\/ambre-768x768.png 768w, https:\/\/bsgbadminton.fr\/wp-content\/uploads\/2026\/01\/ambre-600x600.png 600w, https:\/\/bsgbadminton.fr\/wp-content\/uploads\/2026\/01\/ambre-100x100.png 100w\" sizes=\"auto, (max-width: 972px) 100vw, 972px\" \/><\/figure>\n\n\n\n<h3 id=\"wp-block-themeisle-blocks-advanced-heading-a7946c78\" class=\"wp-block-themeisle-blocks-advanced-heading wp-block-themeisle-blocks-advanced-heading-a7946c78\">Mathey Ambre<\/h3>\n\n\n\n<p id=\"wp-block-themeisle-blocks-advanced-heading-461f6e49\" class=\"wp-block-themeisle-blocks-advanced-heading wp-block-themeisle-blocks-advanced-heading-461f6e49\">Membre<\/p>\n<\/div>\n\n\n\n<div id=\"wp-block-themeisle-blocks-advanced-column-9c3c6233\" class=\"wp-block-themeisle-blocks-advanced-column\">\n<figure class=\"wp-block-image size-full is-resized is-style-rounded\"><img decoding=\"async\" src=\"https:\/\/bsgbadminton.fr\/wp-content\/uploads\/2024\/10\/Alain.png\" alt=\"\" class=\"wp-image-12287\" style=\"aspect-ratio:3\/4;object-fit:cover;width:180px;height:undefinedpx\"\/><\/figure>\n\n\n\n<h3 id=\"wp-block-themeisle-blocks-advanced-heading-5d0f421a\" class=\"wp-block-themeisle-blocks-advanced-heading wp-block-themeisle-blocks-advanced-heading-5d0f421a\">Nguyen Alain<\/h3>\n\n\n\n<p id=\"wp-block-themeisle-blocks-advanced-heading-a3e5479d\" class=\"wp-block-themeisle-blocks-advanced-heading wp-block-themeisle-blocks-advanced-heading-a3e5479d\">Membre<\/p>\n<\/div>\n<\/div><\/div>\n\n\n\n<div id=\"wp-block-themeisle-blocks-advanced-columns-0bad09fc\" class=\"wp-block-themeisle-blocks-advanced-columns has-1-columns has-desktop-equal-layout has-tablet-equal-layout has-mobile-collapsedRows-layout has-vertical-top\"><div class=\"wp-block-themeisle-blocks-advanced-columns-overlay\"><\/div><div class=\"innerblocks-wrap\">\n<div id=\"wp-block-themeisle-blocks-advanced-column-14cb832d\" class=\"wp-block-themeisle-blocks-advanced-column\">\n<figure class=\"wp-block-image size-full is-resized is-style-rounded\"><img loading=\"lazy\" decoding=\"async\" width=\"887\" height=\"1536\" src=\"https:\/\/bsgbadminton.fr\/wp-content\/uploads\/2023\/01\/ce0ad3fc-4171-4f87-a017-50f263a8979c-e1772914071225.jpg\" alt=\"\" class=\"wp-image-10624\" style=\"aspect-ratio:3\/4;object-fit:cover;width:180px;height:undefinedpx\" srcset=\"https:\/\/bsgbadminton.fr\/wp-content\/uploads\/2023\/01\/ce0ad3fc-4171-4f87-a017-50f263a8979c-e1772914071225.jpg 887w, https:\/\/bsgbadminton.fr\/wp-content\/uploads\/2023\/01\/ce0ad3fc-4171-4f87-a017-50f263a8979c-e1772914071225-600x1039.jpg 600w, https:\/\/bsgbadminton.fr\/wp-content\/uploads\/2023\/01\/ce0ad3fc-4171-4f87-a017-50f263a8979c-e1772914071225-173x300.jpg 173w, https:\/\/bsgbadminton.fr\/wp-content\/uploads\/2023\/01\/ce0ad3fc-4171-4f87-a017-50f263a8979c-e1772914071225-591x1024.jpg 591w, https:\/\/bsgbadminton.fr\/wp-content\/uploads\/2023\/01\/ce0ad3fc-4171-4f87-a017-50f263a8979c-e1772914071225-768x1330.jpg 768w\" sizes=\"auto, (max-width: 887px) 100vw, 887px\" \/><\/figure>\n\n\n\n<h3 id=\"wp-block-themeisle-blocks-advanced-heading-ae3adfbf\" class=\"wp-block-themeisle-blocks-advanced-heading wp-block-themeisle-blocks-advanced-heading-ae3adfbf\">Siritham Victor<\/h3>\n\n\n\n<p id=\"wp-block-themeisle-blocks-advanced-heading-fb2db982\" class=\"wp-block-themeisle-blocks-advanced-heading wp-block-themeisle-blocks-advanced-heading-fb2db982\">Membre<\/p>\n<\/div>\n<\/div><\/div>\n\n\n\n<div id=\"wp-block-themeisle-blocks-advanced-columns-775e34d4\" class=\"wp-block-themeisle-blocks-advanced-columns has-1-columns has-desktop-equal-layout has-tablet-equal-layout has-mobile-equal-layout has-vertical-unset\"><div class=\"wp-block-themeisle-blocks-advanced-columns-overlay\"><\/div><div class=\"innerblocks-wrap\">\n<div id=\"wp-block-themeisle-blocks-advanced-column-17224032\" class=\"wp-block-themeisle-blocks-advanced-column\"><\/div>\n<\/div><\/div>\n<\/div>\n<\/div><\/div>\n<\/div>\n<\/div><\/div>\n<\/div>\n<\/div><\/div>\n","protected":false},"excerpt":{"rendered":"","protected":false},"author":2,"featured_media":0,"parent":139,"menu_order":1,"comment_status":"closed","ping_status":"closed","template":"","meta":{"_monsterinsights_skip_tracking":false,"_monsterinsights_sitenote_active":false,"_monsterinsights_sitenote_note":"","_monsterinsights_sitenote_category":0,"neve_meta_sidebar":"","neve_meta_container":"","neve_meta_enable_content_width":"off","neve_meta_content_width":70,"neve_meta_title_alignment":"","neve_meta_author_avatar":"","neve_post_elements_order":"","neve_meta_disable_header":"off","neve_meta_disable_footer":"","neve_meta_disable_title":"on","_themeisle_gutenberg_block_has_review":false,"footnotes":""},"class_list":["post-9700","page","type-page","status-publish","hentry"],"aioseo_notices":[],"featured_image_src":null,"_links":{"self":[{"href":"https:\/\/bsgbadminton.fr\/index.php\/wp-json\/wp\/v2\/pages\/9700","targetHints":{"allow":["GET"]}}],"collection":[{"href":"https:\/\/bsgbadminton.fr\/index.php\/wp-json\/wp\/v2\/pages"}],"about":[{"href":"https:\/\/bsgbadminton.fr\/index.php\/wp-json\/wp\/v2\/types\/page"}],"author":[{"embeddable":true,"href":"https:\/\/bsgbadminton.fr\/index.php\/wp-json\/wp\/v2\/users\/2"}],"replies":[{"embeddable":true,"href":"https:\/\/bsgbadminton.fr\/index.php\/wp-json\/wp\/v2\/comments?post=9700"}],"version-history":[{"count":178,"href":"https:\/\/bsgbadminton.fr\/index.php\/wp-json\/wp\/v2\/pages\/9700\/revisions"}],"predecessor-version":[{"id":13309,"href":"https:\/\/bsgbadminton.fr\/index.php\/wp-json\/wp\/v2\/pages\/9700\/revisions\/13309"}],"up":[{"embeddable":true,"href":"https:\/\/bsgbadminton.fr\/index.php\/wp-json\/wp\/v2\/pages\/139"}],"wp:attachment":[{"href":"https:\/\/bsgbadminton.fr\/index.php\/wp-json\/wp\/v2\/media?parent=9700"}],"curies":[{"name":"wp","href":"https:\/\/api.w.org\/{rel}","templated":true}]}}